{"id":477170,"date":"2022-09-13T08:45:05","date_gmt":"2022-09-13T08:45:05","guid":{"rendered":"https:\/\/www.devosautodemontage.nl\/?page_id=477170"},"modified":"2025-01-24T10:24:50","modified_gmt":"2025-01-24T10:24:50","slug":"privacy-policy","status":"publish","type":"page","link":"https:\/\/www.devosautodemontage.nl\/de\/datenschutzerklarung\/","title":{"rendered":"Datenschutzerkl\u00e4rung"},"content":{"rendered":"<p>De Vos Teile legt gro\u00dfen Wert auf den Schutz Ihrer personenbezogenen Daten. In dieser Datenschutzerkl\u00e4rung erfahren Sie, wie wir mit personenbezogenen Daten umgehen.<\/p>\n<p>Wir bem\u00fchen uns nach Kr\u00e4ften, Ihre Privatsph\u00e4re zu sch\u00fctzen, und gehen daher sehr sorgsam mit personenbezogenen Daten um. De Vos Teile h\u00e4lt sich jederzeit an alle geltenden Rechtsvorschriften, darunter die Datenschutz-Grundverordnung. Dies bedeutet in jedem Fall, dass:<\/p>\n<ul>\n<li>wir Ihre personenbezogenen Daten f\u00fcr den Zweck verarbeiten, f\u00fcr den diese bereitgestellt wurden, wobei die m\u00f6glichen Zwecke und die Art der personenbezogenen Daten in dieser Datenschutzerkl\u00e4rung beschrieben sind;<\/li>\n<li>die Verarbeitung Ihrer personenbezogenen Daten auf die Daten beschr\u00e4nkt ist, die f\u00fcr die Zwecke, f\u00fcr die sie verarbeitet werden, unbedingt erforderlich sind;<\/li>\n<li>wir Sie um Ihre ausdr\u00fcckliche Einwilligung bitten, wenn wir diese f\u00fcr die Verarbeitung Ihrer personenbezogenen Daten ben\u00f6tigen;<\/li>\n<li>wir zum Schutz Ihrer personenbezogenen Daten geeignete technische und organisatorische Ma\u00dfnahmen getroffen haben;<\/li>\n<li>wir keine personenbezogenen Daten an Dritte weitergeben, es sei denn, dies ist f\u00fcr die Zwecke, f\u00fcr die sie bereitgestellt wurden, erforderlich;<\/li>\n<li>wir \u00fcber Ihre Rechte im Zusammenhang mit Ihren personenbezogenen Daten informiert sind, Sie auf diese hinweisen m\u00f6chten und diese respektieren;<\/li>\n<\/ul>\n<p>wir als De Vos Teile f\u00fcr die Verarbeitung Ihrer personenbezogenen Daten verantwortlich sind. F\u00fcr den Fall, dass Sie nach dem Lesen unserer Datenschutzerkl\u00e4rung oder ganz allgemein Fragen haben oder Kontakt mit uns aufnehmen m\u00f6chten, finden Sie am Ende dieser Datenschutzerkl\u00e4rung unsere Kontaktdaten.<\/p>\n<p><strong>VERARBEITUNG PERSONENBEZOGENER DATEN VON KUNDEN ODER LIEFERANTEN<br \/>\n<\/strong>De Vos Teile verarbeitet personenbezogene Daten von Kunden oder Lieferanten f\u00fcr folgende(n) Zweck(e):<\/p>\n<ul>\n<li>Administrative Zwecke<\/li>\n<li>Kommunikation im Zusammenhang mit dem Auftrag und\/oder Einladungen<\/li>\n<li>Ausf\u00fchrung oder Erteilung eines Auftrags<\/li>\n<\/ul>\n<p>Die Grundlage f\u00fcr diese personenbezogenen Daten ist:<\/p>\n<ul>\n<li>Der vereinbarte Auftrag<\/li>\n<\/ul>\n<p>F\u00fcr den (die) oben genannten Zweck(e) kann De Vos Teile Sie nach folgenden personenbezogenen Daten fragen:<\/p>\n<ul>\n<li>Vorname<\/li>\n<li>Infix<\/li>\n<li>Nachname<\/li>\n<li>Adressdaten<\/li>\n<li>Telefonnummer<\/li>\n<li>E-Mail-Adresse<\/li>\n<li>Kontoverbindung<\/li>\n<li>Kennzeichen, Fahrgestellnummer<\/li>\n<\/ul>\n<p>Im Zusammenhang mit der (den) oben genannten Verarbeitung(en) speichert De Vos Teile Ihre personenbezogenen Daten f\u00fcr folgenden Zeitraum:<\/p>\n<ul>\n<li>F\u00fcr die Dauer der Laufzeit des Vertrags und danach nur in der Finanzbuchhaltung f\u00fcr maximal 7 Jahre<\/li>\n<\/ul>\n<p><strong>VERARBEITUNG PERSONENBEZOGENER DATEN VON MITARBEITERN<br \/>\n<\/strong>De Vos Teile verarbeitet personenbezogene Daten von Mitarbeitern f\u00fcr folgende(n) Zweck(e):<\/p>\n<ul>\n<li>Erf\u00fcllung des Arbeitsvertrags<\/li>\n<\/ul>\n<p>Die Grundlage f\u00fcr diese personenbezogenen Daten ist:<\/p>\n<ul>\n<li>Der Arbeitsvertrag<\/li>\n<\/ul>\n<p>F\u00fcr den (die) oben genannten Zweck(e) kann De Vos Teile Sie nach folgenden personenbezogenen Daten fragen:<\/p>\n<ul>\n<li>Vorname<\/li>\n<li>Infix<\/li>\n<li>Nachname<\/li>\n<li>Telefonnummer<\/li>\n<li>Adressdaten<\/li>\n<li>E-Mail-Adresse<\/li>\n<li>Geburtsdatum<\/li>\n<li>Gehaltsdaten<\/li>\n<li>Kopie Personalausweis<\/li>\n<li>B\u00fcrgerservicenummer<\/li>\n<li>Bankdaten.<\/li>\n<\/ul>\n<p>Im Zusammenhang mit der (den) oben genannten Verarbeitung(en) speichert De Vos Teile Ihre personenbezogenen Daten f\u00fcr folgenden Zeitraum:<\/p>\n<ul>\n<li>F\u00fcr die Dauer eines laufenden Vertrags und danach nur in der Finanzbuchhaltung f\u00fcr maximal 7 Jahre<\/li>\n<\/ul>\n<p><strong>WEITERGABE AN DRITTE<br \/>\n<\/strong>Die Daten, die Sie uns bereitstellen, k\u00f6nnen wir an Dritte weitergeben, wenn dies f\u00fcr die oben beschriebenen Zwecke erforderlich ist.<\/p>\n<p>So bedienen wir uns f\u00fcr die Verrichtung folgender T\u00e4tigkeiten eines Dritten:<\/p>\n<ul>\n<li>(Finanz-)Buchhaltung<\/li>\n<li>Versand von bestellten Teilen<\/li>\n<\/ul>\n<p>Wir geben personenbezogene Daten unter keinen Umst\u00e4nden an Dienstleister weiter, mit denen wir keinen Datenverarbeitungsvertrag abgeschlossen haben. Mit diesen Dienstleistern (Auftragsverarbeitern) treffen wir darin selbstverst\u00e4ndlich die Absprachen, die erforderlich sind, um den Schutz Ihrer personenbezogenen Daten sicherzustellen. Dar\u00fcber hinaus werden wir die von Ihnen bereitgestellten Daten nicht an Dritte weitergeben, es sei denn, eine solche Weitergabe ist rechtlich vorgeschrieben oder erlaubt. Ein solcher Fall kann beispielsweise dann gegeben sein, wenn die Polizei im Rahmen eines Ermittlungsverfahrens (personenbezogene) Daten bei uns anfordert. In einem solchen Fall sind wir zur Mitwirkung verpflichtet und m\u00fcssen diese Daten herausgeben. Daneben k\u00f6nnen wir personenbezogene Daten mit Dritten teilen, wenn Sie schriftlich einwilligen.<\/p>\n<p><strong>INNERHALB DER EU<br \/>\n<\/strong>Wir geben personenbezogene Daten nicht an Dritte weiter, die ihren Sitz au\u00dferhalb der EU haben.<\/p>\n<p><strong>MINDERJ\u00c4HRIGE<br \/>\n<\/strong>Wir geben personenbezogene Daten von Minderj\u00e4hrigen (Personen unter 16 Jahren) einzig und allein dann weiter, wenn uns die schriftliche Einwilligung der Eltern, Erziehungsberechtigten oder gesetzlichen Vertreter vorliegt.<\/p>\n<p><strong>AUFBEWAHRUNGSFRIST<br \/>\n<\/strong>De Vos Teile bewahrt personenbezogene Daten nur so lange auf, wie dies f\u00fcr den Zweck, f\u00fcr den sie bereitgestellt wurden, erforderlich oder wie dies rechtlich vorgeschrieben ist.<\/p>\n<p><strong>SCHUTZ<br \/>\n<\/strong>Wir haben geeignete technische und organisatorische Ma\u00dfnahmen getroffen, um personenbezogene Daten von Ihnen vor unrechtm\u00e4\u00dfiger Verarbeitung zu sch\u00fctzen. So haben wir beispielsweise folgende Ma\u00dfnahmen getroffen:<\/p>\n<ul>\n<li>Alle Personen, die im Namen von De Vos Teile Ihre Daten zur Kenntnis nehmen k\u00f6nnen, sind zu deren Geheimhaltung verpflichtet.<\/li>\n<li>Unsere Systeme sind passwortgesch\u00fctzt.<\/li>\n<li>Wir erstellen Backups von den personenbezogenen Daten, um diese bei physischen oder technischen Zwischenf\u00e4llen wiederherstellen zu k\u00f6nnen.<\/li>\n<li>Wir testen und evaluieren unsere Ma\u00dfnahmen regelm\u00e4\u00dfig.<\/li>\n<li>Unsere Mitarbeiter wissen um die Wichtigkeit des Schutzes personenbezogener Daten.<\/li>\n<\/ul>\n<p><strong>RECHTE IM ZUSAMMENHANG MIT IHREN DATEN<br \/>\n<\/strong>Sie haben im Zusammenhang mit den personenbezogenen Daten, die wir von Ihnen erhalten haben, ein Auskunfts-, Berichtigungs- und L\u00f6schungsrecht. Ferner k\u00f6nnen Sie der Verarbeitung Ihrer personenbezogenen Daten (oder eines Teils davon) durch uns oder einen unserer Auftragsverarbeiter widersprechen. Sie haben au\u00dferdem das Recht zu verlangen, dass wir die von Ihnen bereitgestellten Daten an Sie selbst oder in Ihrem Auftrag direkt an eine andere Partei \u00fcbertragen. Wir k\u00f6nnen Sie bitten, sich zu identifizieren, bevor wir uns Ihrem Anliegen widmen.<\/p>\n<p>Wenn wir Ihre personenbezogenen Daten auf Grundlage einer von Ihnen erteilten Einwilligung verarbeiten d\u00fcrfen, haben Sie jederzeit das Recht, diese Einwilligung zu widerrufen.<\/p>\n<p><strong>BESCHWERDEN<br \/>\n<\/strong>Wenn Sie sich \u00fcber die Verarbeitung Ihrer personenbezogenen Daten beschweren m\u00f6chten, bitten wir Sie, sich direkt an uns zu wenden. Sollte es uns nicht gelingen, gemeinsam mit Ihnen eine L\u00f6sung zu finden, w\u00fcrden wir dies nat\u00fcrlich sehr bedauern. Sie haben jederzeit das Recht, eine Beschwerde bei der zust\u00e4ndigen Datenschutzbeh\u00f6rde (in den Niederlanden: Autoriteit Persoonsgegevens) einzureichen.<\/p>\n<p><strong>FRAGEN<br \/>\n<\/strong>Wenn Sie zu unserer Datenschutzerkl\u00e4rung noch Fragen oder Anmerkungen haben, k\u00f6nnen Sie jederzeit Kontakt mit uns aufnehmen!<\/p>\n<p><strong>KONTAKTDATEN<\/strong><\/p>\n<p>De Vos Teile<br \/>\nWaterstraat 30<br \/>\n6657CP<br \/>\nBoven-Leeuwen<br \/>\ninfo@devosautodemontage.nl.<\/p>\n","protected":false},"excerpt":{"rendered":"De Vos Teile legt gro\u00dfen Wert auf den Schutz Ihrer personenbezogenen Daten. In dieser Datenschutzerkl\u00e4rung erfahren Sie, wie wir mit personenbezogenen Daten umgehen. Wir bem\u00fchen uns nach Kr\u00e4ften, Ihre Privatsph\u00e4re zu sch\u00fctzen, und gehen daher sehr sorgsam mit personenbezogenen Daten um. De Vos Teile h\u00e4lt sich jederzeit an alle geltenden Rechtsvorschriften, darunter die Datenschutz-Grundverordnung. Dies&#8230; <a class=\"view-article\" href=\"https:\/\/www.devosautodemontage.nl\/de\/datenschutzerklarung\/\">View Article<\/a>","protected":false},"author":1,"featured_media":477211,"parent":0,"menu_order":0,"comment_status":"closed","ping_status":"closed","template":"","meta":{"_acf_changed":false,"inline_featured_image":false,"footnotes":""},"class_list":["post-477170","page","type-page","status-publish","has-post-thumbnail","hentry"],"acf":[],"yoast_head":"<!-- This site is optimized with the Yoast SEO plugin v25.4 - https:\/\/yoast.com\/wordpress\/plugins\/seo\/ -->\n<title>Datenschutzerkl\u00e4rung | De Vos Onderdelen<\/title>\n<meta name=\"robots\" content=\"index, follow, max-snippet:-1, max-image-preview:large, max-video-preview:-1\" \/>\n<link rel=\"canonical\" href=\"https:\/\/www.devosautodemontage.nl\/de\/datenschutzerklarung\/\" \/>\n<meta property=\"og:locale\" content=\"de_DE\" \/>\n<meta property=\"og:type\" content=\"article\" \/>\n<meta property=\"og:title\" content=\"Datenschutzerkl\u00e4rung | De Vos Onderdelen\" \/>\n<meta property=\"og:description\" content=\"De Vos Teile legt gro\u00dfen Wert auf den Schutz Ihrer personenbezogenen Daten. In dieser Datenschutzerkl\u00e4rung erfahren Sie, wie wir mit personenbezogenen Daten umgehen. Wir bem\u00fchen uns nach Kr\u00e4ften, Ihre Privatsph\u00e4re zu sch\u00fctzen, und gehen daher sehr sorgsam mit personenbezogenen Daten um. De Vos Teile h\u00e4lt sich jederzeit an alle geltenden Rechtsvorschriften, darunter die Datenschutz-Grundverordnung. Dies... View Article\" \/>\n<meta property=\"og:url\" content=\"https:\/\/www.devosautodemontage.nl\/de\/datenschutzerklarung\/\" \/>\n<meta property=\"og:site_name\" content=\"De Vos Autodemontage\" \/>\n<meta property=\"article:publisher\" content=\"https:\/\/www.facebook.com\/devosautodemontage\" \/>\n<meta property=\"article:modified_time\" content=\"2025-01-24T10:24:50+00:00\" \/>\n<meta property=\"og:image\" content=\"https:\/\/www.devosautodemontage.nl\/wp-content\/uploads\/2023\/02\/De_Vos_Foto_035-1-scaled.jpg\" \/>\n\t<meta property=\"og:image:width\" content=\"2560\" \/>\n\t<meta property=\"og:image:height\" content=\"1708\" \/>\n\t<meta property=\"og:image:type\" content=\"image\/jpeg\" \/>\n<meta name=\"twitter:card\" content=\"summary_large_image\" \/>\n<meta name=\"twitter:label1\" content=\"Gesch\u00e4tzte Lesezeit\" \/>\n\t<meta name=\"twitter:data1\" content=\"5\u00a0Minuten\" \/>\n<script type=\"application\/ld+json\" class=\"yoast-schema-graph\">{\"@context\":\"https:\/\/schema.org\",\"@graph\":[{\"@type\":\"WebPage\",\"@id\":\"https:\/\/www.devosautodemontage.nl\/de\/datenschutzerklarung\/\",\"url\":\"https:\/\/www.devosautodemontage.nl\/de\/datenschutzerklarung\/\",\"name\":\"Datenschutzerkl\u00e4rung | De Vos Onderdelen\",\"isPartOf\":{\"@id\":\"https:\/\/www.devosautodemontage.nl\/de\/#website\"},\"primaryImageOfPage\":{\"@id\":\"https:\/\/www.devosautodemontage.nl\/de\/datenschutzerklarung\/#primaryimage\"},\"image\":{\"@id\":\"https:\/\/www.devosautodemontage.nl\/de\/datenschutzerklarung\/#primaryimage\"},\"thumbnailUrl\":\"https:\/\/www.devosautodemontage.nl\/wp-content\/uploads\/2023\/02\/De_Vos_Foto_035-1-scaled.jpg\",\"datePublished\":\"2022-09-13T08:45:05+00:00\",\"dateModified\":\"2025-01-24T10:24:50+00:00\",\"inLanguage\":\"de\",\"potentialAction\":[{\"@type\":\"ReadAction\",\"target\":[\"https:\/\/www.devosautodemontage.nl\/de\/datenschutzerklarung\/\"]}]},{\"@type\":\"ImageObject\",\"inLanguage\":\"de\",\"@id\":\"https:\/\/www.devosautodemontage.nl\/de\/datenschutzerklarung\/#primaryimage\",\"url\":\"https:\/\/www.devosautodemontage.nl\/wp-content\/uploads\/2023\/02\/De_Vos_Foto_035-1-scaled.jpg\",\"contentUrl\":\"https:\/\/www.devosautodemontage.nl\/wp-content\/uploads\/2023\/02\/De_Vos_Foto_035-1-scaled.jpg\",\"width\":2560,\"height\":1708},{\"@type\":\"WebSite\",\"@id\":\"https:\/\/www.devosautodemontage.nl\/de\/#website\",\"url\":\"https:\/\/www.devosautodemontage.nl\/de\/\",\"name\":\"De Vos Onderdelen\",\"description\":\"Peugeot - Citro\u00ebn \u2013 DS Automobiles\",\"publisher\":{\"@id\":\"https:\/\/www.devosautodemontage.nl\/de\/#organization\"},\"potentialAction\":[{\"@type\":\"SearchAction\",\"target\":{\"@type\":\"EntryPoint\",\"urlTemplate\":\"https:\/\/www.devosautodemontage.nl\/de\/?s={search_term_string}\"},\"query-input\":{\"@type\":\"PropertyValueSpecification\",\"valueRequired\":true,\"valueName\":\"search_term_string\"}}],\"inLanguage\":\"de\"},{\"@type\":\"Organization\",\"@id\":\"https:\/\/www.devosautodemontage.nl\/de\/#organization\",\"name\":\"De Vos Onderdelen\",\"url\":\"https:\/\/www.devosautodemontage.nl\/de\/\",\"logo\":{\"@type\":\"ImageObject\",\"inLanguage\":\"de\",\"@id\":\"https:\/\/www.devosautodemontage.nl\/de\/#\/schema\/logo\/image\/\",\"url\":\"https:\/\/www.devosautodemontage.nl\/wp-content\/uploads\/2023\/04\/logo-1.jpg\",\"contentUrl\":\"https:\/\/www.devosautodemontage.nl\/wp-content\/uploads\/2023\/04\/logo-1.jpg\",\"width\":663,\"height\":278,\"caption\":\"De Vos Onderdelen\"},\"image\":{\"@id\":\"https:\/\/www.devosautodemontage.nl\/de\/#\/schema\/logo\/image\/\"},\"sameAs\":[\"https:\/\/www.facebook.com\/devosautodemontage\"]}]}<\/script>\n<!-- \/ Yoast SEO plugin. -->","yoast_head_json":{"title":"Datenschutzerkl\u00e4rung | De Vos Onderdelen","robots":{"index":"index","follow":"follow","max-snippet":"max-snippet:-1","max-image-preview":"max-image-preview:large","max-video-preview":"max-video-preview:-1"},"canonical":"https:\/\/www.devosautodemontage.nl\/de\/datenschutzerklarung\/","og_locale":"de_DE","og_type":"article","og_title":"Datenschutzerkl\u00e4rung | De Vos Onderdelen","og_description":"De Vos Teile legt gro\u00dfen Wert auf den Schutz Ihrer personenbezogenen Daten. In dieser Datenschutzerkl\u00e4rung erfahren Sie, wie wir mit personenbezogenen Daten umgehen. Wir bem\u00fchen uns nach Kr\u00e4ften, Ihre Privatsph\u00e4re zu sch\u00fctzen, und gehen daher sehr sorgsam mit personenbezogenen Daten um. De Vos Teile h\u00e4lt sich jederzeit an alle geltenden Rechtsvorschriften, darunter die Datenschutz-Grundverordnung. Dies... View Article","og_url":"https:\/\/www.devosautodemontage.nl\/de\/datenschutzerklarung\/","og_site_name":"De Vos Autodemontage","article_publisher":"https:\/\/www.facebook.com\/devosautodemontage","article_modified_time":"2025-01-24T10:24:50+00:00","og_image":[{"width":2560,"height":1708,"url":"https:\/\/www.devosautodemontage.nl\/wp-content\/uploads\/2023\/02\/De_Vos_Foto_035-1-scaled.jpg","type":"image\/jpeg"}],"twitter_card":"summary_large_image","twitter_misc":{"Gesch\u00e4tzte Lesezeit":"5\u00a0Minuten"},"schema":{"@context":"https:\/\/schema.org","@graph":[{"@type":"WebPage","@id":"https:\/\/www.devosautodemontage.nl\/de\/datenschutzerklarung\/","url":"https:\/\/www.devosautodemontage.nl\/de\/datenschutzerklarung\/","name":"Datenschutzerkl\u00e4rung | De Vos Onderdelen","isPartOf":{"@id":"https:\/\/www.devosautodemontage.nl\/de\/#website"},"primaryImageOfPage":{"@id":"https:\/\/www.devosautodemontage.nl\/de\/datenschutzerklarung\/#primaryimage"},"image":{"@id":"https:\/\/www.devosautodemontage.nl\/de\/datenschutzerklarung\/#primaryimage"},"thumbnailUrl":"https:\/\/www.devosautodemontage.nl\/wp-content\/uploads\/2023\/02\/De_Vos_Foto_035-1-scaled.jpg","datePublished":"2022-09-13T08:45:05+00:00","dateModified":"2025-01-24T10:24:50+00:00","inLanguage":"de","potentialAction":[{"@type":"ReadAction","target":["https:\/\/www.devosautodemontage.nl\/de\/datenschutzerklarung\/"]}]},{"@type":"ImageObject","inLanguage":"de","@id":"https:\/\/www.devosautodemontage.nl\/de\/datenschutzerklarung\/#primaryimage","url":"https:\/\/www.devosautodemontage.nl\/wp-content\/uploads\/2023\/02\/De_Vos_Foto_035-1-scaled.jpg","contentUrl":"https:\/\/www.devosautodemontage.nl\/wp-content\/uploads\/2023\/02\/De_Vos_Foto_035-1-scaled.jpg","width":2560,"height":1708},{"@type":"WebSite","@id":"https:\/\/www.devosautodemontage.nl\/de\/#website","url":"https:\/\/www.devosautodemontage.nl\/de\/","name":"De Vos Onderdelen","description":"Peugeot - Citro\u00ebn \u2013 DS Automobiles","publisher":{"@id":"https:\/\/www.devosautodemontage.nl\/de\/#organization"},"potentialAction":[{"@type":"SearchAction","target":{"@type":"EntryPoint","urlTemplate":"https:\/\/www.devosautodemontage.nl\/de\/?s={search_term_string}"},"query-input":{"@type":"PropertyValueSpecification","valueRequired":true,"valueName":"search_term_string"}}],"inLanguage":"de"},{"@type":"Organization","@id":"https:\/\/www.devosautodemontage.nl\/de\/#organization","name":"De Vos Onderdelen","url":"https:\/\/www.devosautodemontage.nl\/de\/","logo":{"@type":"ImageObject","inLanguage":"de","@id":"https:\/\/www.devosautodemontage.nl\/de\/#\/schema\/logo\/image\/","url":"https:\/\/www.devosautodemontage.nl\/wp-content\/uploads\/2023\/04\/logo-1.jpg","contentUrl":"https:\/\/www.devosautodemontage.nl\/wp-content\/uploads\/2023\/04\/logo-1.jpg","width":663,"height":278,"caption":"De Vos Onderdelen"},"image":{"@id":"https:\/\/www.devosautodemontage.nl\/de\/#\/schema\/logo\/image\/"},"sameAs":["https:\/\/www.facebook.com\/devosautodemontage"]}]}},"_links":{"self":[{"href":"https:\/\/www.devosautodemontage.nl\/de\/wp-json\/wp\/v2\/pages\/477170","targetHints":{"allow":["GET"]}}],"collection":[{"href":"https:\/\/www.devosautodemontage.nl\/de\/wp-json\/wp\/v2\/pages"}],"about":[{"href":"https:\/\/www.devosautodemontage.nl\/de\/wp-json\/wp\/v2\/types\/page"}],"author":[{"embeddable":true,"href":"https:\/\/www.devosautodemontage.nl\/de\/wp-json\/wp\/v2\/users\/1"}],"replies":[{"embeddable":true,"href":"https:\/\/www.devosautodemontage.nl\/de\/wp-json\/wp\/v2\/comments?post=477170"}],"version-history":[{"count":6,"href":"https:\/\/www.devosautodemontage.nl\/de\/wp-json\/wp\/v2\/pages\/477170\/revisions"}],"predecessor-version":[{"id":3584291,"href":"https:\/\/www.devosautodemontage.nl\/de\/wp-json\/wp\/v2\/pages\/477170\/revisions\/3584291"}],"wp:featuredmedia":[{"embeddable":true,"href":"https:\/\/www.devosautodemontage.nl\/de\/wp-json\/wp\/v2\/media\/477211"}],"wp:attachment":[{"href":"https:\/\/www.devosautodemontage.nl\/de\/wp-json\/wp\/v2\/media?parent=477170"}],"curies":[{"name":"wp","href":"https:\/\/api.w.org\/{rel}","templated":true}]}}