{"id":477322,"date":"2023-03-28T11:32:32","date_gmt":"2023-03-28T11:32:32","guid":{"rendered":"https:\/\/www.devosautodemontage.nl\/?page_id=477322"},"modified":"2025-01-24T10:25:34","modified_gmt":"2025-01-24T10:25:34","slug":"haftungsausschluss","status":"publish","type":"page","link":"https:\/\/www.devosautodemontage.nl\/de\/haftungsausschluss\/","title":{"rendered":"Haftungsausschluss"},"content":{"rendered":"<p>Auf dieser Seite finden Sie den Haftungsausschluss f\u00fcr die Website <a href=\"http:\/\/www.devosautodemontage.nl\">www.devosautodemontage.nl<\/a>, bereitgestellt von De Vos Teile. In diesem Haftungsausschluss geben wir an, unter welchem Vorbehalt wir Ihnen die Informationen auf unserer Webseite anbieten.<\/p>\n<p><strong>Geistiges Eigentum<br \/>\n<\/strong>Die Verwendung der Informationen auf dieser Webseite ist kostenlos, solange Sie diese Informationen nicht kopieren, verbreiten oder anderweitig verwenden oder missbrauchen. Sie d\u00fcrfen die Informationen auf dieser Webseite nur in \u00dcbereinstimmung mit den verbindlichen gesetzlichen Bestimmungen wiederverwenden.<br \/>\nOhne die ausdr\u00fcckliche schriftliche Zustimmung von De Vos Teile ist es nicht gestattet, Texte, Fotomaterial oder andere Materialien auf dieser Webseite wiederzuverwenden. Das geistige Eigentum liegt bei De Vos Teile.<\/p>\n<p><strong>Keine Garantie auf Richtigkeit<br \/>\n<\/strong>Gegebenenfalls: Was die Preise betrifft, die auf unserer Webseite angegeben sind, bem\u00fchen wir uns um eine m\u00f6glichst genaue Darstellung der Realit\u00e4t und der beabsichtigten Preise. Fehler, die dabei auftreten und als Programmier- oder Tippfehler erkennbar sind, sind niemals ein Grund, einen Vertrag oder eine Vereinbarung mit De Vos Teile zu beanspruchen oder anzunehmen. De Vos Teile ist um eine m\u00f6glichst aktuelle Webseite bem\u00fcht. Sollten trotz dieser Bem\u00fchungen Informationen oder Inhalte auf dieser Webseite unvollst\u00e4ndig und \/ oder falsch sein, k\u00f6nnen wir hierf\u00fcr keine Haftung \u00fcbernehmen. Die Informationen und \/ oder Produkte auf dieser Webseite werden ohne jegliche Gew\u00e4hrleistung und \/ oder Anspruch auf Richtigkeit angeboten. Wir behalten uns das Recht vor, diese Materialien ohne vorherige Ank\u00fcndigung zu \u00e4ndern, zu entfernen oder neu zu platzieren. De Vos Teile \u00fcbernimmt keine Haftung f\u00fcr Informationen auf Websites, auf die wir \u00fcber Hyperlinks verweisen.<\/p>\n<p><strong>\u00c4nderungen<br \/>\n<\/strong>Wenn sich dieser Haftungsausschluss \u00e4ndert, finden Sie auf dieser Seite die neueste Version des Haftungsausschlusses f\u00fcr die Website <a href=\"http:\/\/www.devosautodemontage.nl\">www.devosautodemontage.nl<\/a>.<\/p>\n<p>&nbsp;<\/p>\n<p>&nbsp;<\/p>\n","protected":false},"excerpt":{"rendered":"Auf dieser Seite finden Sie den Haftungsausschluss f\u00fcr die Website www.devosautodemontage.nl, bereitgestellt von De Vos Teile. In diesem Haftungsausschluss geben wir an, unter welchem Vorbehalt wir Ihnen die Informationen auf unserer Webseite anbieten. Geistiges Eigentum Die Verwendung der Informationen auf dieser Webseite ist kostenlos, solange Sie diese Informationen nicht kopieren, verbreiten oder anderweitig verwenden oder&#8230; <a class=\"view-article\" href=\"https:\/\/www.devosautodemontage.nl\/de\/haftungsausschluss\/\">View Article<\/a>","protected":false},"author":1,"featured_media":0,"parent":0,"menu_order":0,"comment_status":"closed","ping_status":"closed","template":"","meta":{"_acf_changed":false,"inline_featured_image":false,"footnotes":""},"class_list":["post-477322","page","type-page","status-publish","hentry"],"acf":[],"yoast_head":"<!-- This site is optimized with the Yoast SEO plugin v25.4 - https:\/\/yoast.com\/wordpress\/plugins\/seo\/ -->\n<title>Haftungsausschluss | De Vos Onderdelen<\/title>\n<meta name=\"robots\" content=\"index, follow, max-snippet:-1, max-image-preview:large, max-video-preview:-1\" \/>\n<link rel=\"canonical\" href=\"https:\/\/www.devosautodemontage.nl\/de\/haftungsausschluss\/\" \/>\n<meta property=\"og:locale\" content=\"de_DE\" \/>\n<meta property=\"og:type\" content=\"article\" \/>\n<meta property=\"og:title\" content=\"Haftungsausschluss | De Vos Onderdelen\" \/>\n<meta property=\"og:description\" content=\"Auf dieser Seite finden Sie den Haftungsausschluss f\u00fcr die Website www.devosautodemontage.nl, bereitgestellt von De Vos Teile. In diesem Haftungsausschluss geben wir an, unter welchem Vorbehalt wir Ihnen die Informationen auf unserer Webseite anbieten. Geistiges Eigentum Die Verwendung der Informationen auf dieser Webseite ist kostenlos, solange Sie diese Informationen nicht kopieren, verbreiten oder anderweitig verwenden oder... View Article\" \/>\n<meta property=\"og:url\" content=\"https:\/\/www.devosautodemontage.nl\/de\/haftungsausschluss\/\" \/>\n<meta property=\"og:site_name\" content=\"De Vos Autodemontage\" \/>\n<meta property=\"article:publisher\" content=\"https:\/\/www.facebook.com\/devosautodemontage\" \/>\n<meta property=\"article:modified_time\" content=\"2025-01-24T10:25:34+00:00\" \/>\n<meta property=\"og:image\" content=\"https:\/\/www.devosautodemontage.nl\/wp-content\/uploads\/2023\/04\/logo-1.jpg\" \/>\n\t<meta property=\"og:image:width\" content=\"663\" \/>\n\t<meta property=\"og:image:height\" content=\"278\" \/>\n\t<meta property=\"og:image:type\" content=\"image\/jpeg\" \/>\n<meta name=\"twitter:card\" content=\"summary_large_image\" \/>\n<meta name=\"twitter:label1\" content=\"Gesch\u00e4tzte Lesezeit\" \/>\n\t<meta name=\"twitter:data1\" content=\"2\u00a0Minuten\" \/>\n<script type=\"application\/ld+json\" class=\"yoast-schema-graph\">{\"@context\":\"https:\/\/schema.org\",\"@graph\":[{\"@type\":\"WebPage\",\"@id\":\"https:\/\/www.devosautodemontage.nl\/de\/haftungsausschluss\/\",\"url\":\"https:\/\/www.devosautodemontage.nl\/de\/haftungsausschluss\/\",\"name\":\"Haftungsausschluss | De Vos Onderdelen\",\"isPartOf\":{\"@id\":\"https:\/\/www.devosautodemontage.nl\/de\/#website\"},\"datePublished\":\"2023-03-28T11:32:32+00:00\",\"dateModified\":\"2025-01-24T10:25:34+00:00\",\"inLanguage\":\"de\",\"potentialAction\":[{\"@type\":\"ReadAction\",\"target\":[\"https:\/\/www.devosautodemontage.nl\/de\/haftungsausschluss\/\"]}]},{\"@type\":\"WebSite\",\"@id\":\"https:\/\/www.devosautodemontage.nl\/de\/#website\",\"url\":\"https:\/\/www.devosautodemontage.nl\/de\/\",\"name\":\"De Vos Onderdelen\",\"description\":\"Peugeot - Citro\u00ebn \u2013 DS Automobiles\",\"publisher\":{\"@id\":\"https:\/\/www.devosautodemontage.nl\/de\/#organization\"},\"potentialAction\":[{\"@type\":\"SearchAction\",\"target\":{\"@type\":\"EntryPoint\",\"urlTemplate\":\"https:\/\/www.devosautodemontage.nl\/de\/?s={search_term_string}\"},\"query-input\":{\"@type\":\"PropertyValueSpecification\",\"valueRequired\":true,\"valueName\":\"search_term_string\"}}],\"inLanguage\":\"de\"},{\"@type\":\"Organization\",\"@id\":\"https:\/\/www.devosautodemontage.nl\/de\/#organization\",\"name\":\"De Vos Onderdelen\",\"url\":\"https:\/\/www.devosautodemontage.nl\/de\/\",\"logo\":{\"@type\":\"ImageObject\",\"inLanguage\":\"de\",\"@id\":\"https:\/\/www.devosautodemontage.nl\/de\/#\/schema\/logo\/image\/\",\"url\":\"https:\/\/www.devosautodemontage.nl\/wp-content\/uploads\/2023\/04\/logo-1.jpg\",\"contentUrl\":\"https:\/\/www.devosautodemontage.nl\/wp-content\/uploads\/2023\/04\/logo-1.jpg\",\"width\":663,\"height\":278,\"caption\":\"De Vos Onderdelen\"},\"image\":{\"@id\":\"https:\/\/www.devosautodemontage.nl\/de\/#\/schema\/logo\/image\/\"},\"sameAs\":[\"https:\/\/www.facebook.com\/devosautodemontage\"]}]}<\/script>\n<!-- \/ Yoast SEO plugin. -->","yoast_head_json":{"title":"Haftungsausschluss | De Vos Onderdelen","robots":{"index":"index","follow":"follow","max-snippet":"max-snippet:-1","max-image-preview":"max-image-preview:large","max-video-preview":"max-video-preview:-1"},"canonical":"https:\/\/www.devosautodemontage.nl\/de\/haftungsausschluss\/","og_locale":"de_DE","og_type":"article","og_title":"Haftungsausschluss | De Vos Onderdelen","og_description":"Auf dieser Seite finden Sie den Haftungsausschluss f\u00fcr die Website www.devosautodemontage.nl, bereitgestellt von De Vos Teile. In diesem Haftungsausschluss geben wir an, unter welchem Vorbehalt wir Ihnen die Informationen auf unserer Webseite anbieten. Geistiges Eigentum Die Verwendung der Informationen auf dieser Webseite ist kostenlos, solange Sie diese Informationen nicht kopieren, verbreiten oder anderweitig verwenden oder... View Article","og_url":"https:\/\/www.devosautodemontage.nl\/de\/haftungsausschluss\/","og_site_name":"De Vos Autodemontage","article_publisher":"https:\/\/www.facebook.com\/devosautodemontage","article_modified_time":"2025-01-24T10:25:34+00:00","og_image":[{"width":663,"height":278,"url":"https:\/\/www.devosautodemontage.nl\/wp-content\/uploads\/2023\/04\/logo-1.jpg","type":"image\/jpeg"}],"twitter_card":"summary_large_image","twitter_misc":{"Gesch\u00e4tzte Lesezeit":"2\u00a0Minuten"},"schema":{"@context":"https:\/\/schema.org","@graph":[{"@type":"WebPage","@id":"https:\/\/www.devosautodemontage.nl\/de\/haftungsausschluss\/","url":"https:\/\/www.devosautodemontage.nl\/de\/haftungsausschluss\/","name":"Haftungsausschluss | De Vos Onderdelen","isPartOf":{"@id":"https:\/\/www.devosautodemontage.nl\/de\/#website"},"datePublished":"2023-03-28T11:32:32+00:00","dateModified":"2025-01-24T10:25:34+00:00","inLanguage":"de","potentialAction":[{"@type":"ReadAction","target":["https:\/\/www.devosautodemontage.nl\/de\/haftungsausschluss\/"]}]},{"@type":"WebSite","@id":"https:\/\/www.devosautodemontage.nl\/de\/#website","url":"https:\/\/www.devosautodemontage.nl\/de\/","name":"De Vos Onderdelen","description":"Peugeot - Citro\u00ebn \u2013 DS Automobiles","publisher":{"@id":"https:\/\/www.devosautodemontage.nl\/de\/#organization"},"potentialAction":[{"@type":"SearchAction","target":{"@type":"EntryPoint","urlTemplate":"https:\/\/www.devosautodemontage.nl\/de\/?s={search_term_string}"},"query-input":{"@type":"PropertyValueSpecification","valueRequired":true,"valueName":"search_term_string"}}],"inLanguage":"de"},{"@type":"Organization","@id":"https:\/\/www.devosautodemontage.nl\/de\/#organization","name":"De Vos Onderdelen","url":"https:\/\/www.devosautodemontage.nl\/de\/","logo":{"@type":"ImageObject","inLanguage":"de","@id":"https:\/\/www.devosautodemontage.nl\/de\/#\/schema\/logo\/image\/","url":"https:\/\/www.devosautodemontage.nl\/wp-content\/uploads\/2023\/04\/logo-1.jpg","contentUrl":"https:\/\/www.devosautodemontage.nl\/wp-content\/uploads\/2023\/04\/logo-1.jpg","width":663,"height":278,"caption":"De Vos Onderdelen"},"image":{"@id":"https:\/\/www.devosautodemontage.nl\/de\/#\/schema\/logo\/image\/"},"sameAs":["https:\/\/www.facebook.com\/devosautodemontage"]}]}},"_links":{"self":[{"href":"https:\/\/www.devosautodemontage.nl\/de\/wp-json\/wp\/v2\/pages\/477322","targetHints":{"allow":["GET"]}}],"collection":[{"href":"https:\/\/www.devosautodemontage.nl\/de\/wp-json\/wp\/v2\/pages"}],"about":[{"href":"https:\/\/www.devosautodemontage.nl\/de\/wp-json\/wp\/v2\/types\/page"}],"author":[{"embeddable":true,"href":"https:\/\/www.devosautodemontage.nl\/de\/wp-json\/wp\/v2\/users\/1"}],"replies":[{"embeddable":true,"href":"https:\/\/www.devosautodemontage.nl\/de\/wp-json\/wp\/v2\/comments?post=477322"}],"version-history":[{"count":2,"href":"https:\/\/www.devosautodemontage.nl\/de\/wp-json\/wp\/v2\/pages\/477322\/revisions"}],"predecessor-version":[{"id":3584292,"href":"https:\/\/www.devosautodemontage.nl\/de\/wp-json\/wp\/v2\/pages\/477322\/revisions\/3584292"}],"wp:attachment":[{"href":"https:\/\/www.devosautodemontage.nl\/de\/wp-json\/wp\/v2\/media?parent=477322"}],"curies":[{"name":"wp","href":"https:\/\/api.w.org\/{rel}","templated":true}]}}