{"id":3493707,"date":"2024-04-25T10:26:46","date_gmt":"2024-04-25T11:55:13","guid":{"rendered":""},"modified":"2025-08-26T09:19:03","modified_gmt":"2025-08-26T09:19:03","slug":"20558682-peugeot-208-1-2-vti-12v-puretech-82-2013-tur-4-turig-links-hinten-9671907580","status":"publish","type":"product","link":"https:\/\/www.devosautodemontage.nl\/de\/product\/20558682-peugeot-208-1-2-vti-12v-puretech-82-2013-tur-4-turig-links-hinten-9671907580\/","title":{"rendered":"Peugeot 208 1.2 Vti 12V PureTech 82 T\u00fcr 4-t\u00fcrig links hinten 2013 9671907580"},"content":{"rendered":"<p>T\u00fcr 4-t\u00fcrig links hinten<\/p>\n","protected":false},"excerpt":{"rendered":"T\u00fcr 4-t\u00fcrig links hinten","protected":false},"featured_media":3493855,"template":"","meta":{"_acf_changed":false,"inline_featured_image":false},"product_brand":[],"product_cat":[296,306],"product_tag":[],"class_list":{"0":"post-3493707","1":"product","2":"type-product","3":"status-publish","4":"has-post-thumbnail","6":"product_cat-peugeot","7":"product_cat-306","9":"first","10":"instock","11":"taxable","12":"shipping-taxable","13":"product-type-simple"},"acf":[],"yoast_head":"<!-- This site is optimized with the Yoast SEO plugin v25.4 - https:\/\/yoast.com\/wordpress\/plugins\/seo\/ -->\n<title>Peugeot 208 1.2 Vti 12V PureTech 82 T\u00fcr 4-t\u00fcrig links hinten 2013 9671907580 | De Vos Onderdelen<\/title>\n<meta name=\"robots\" content=\"index, follow, max-snippet:-1, max-image-preview:large, max-video-preview:-1\" \/>\n<link rel=\"canonical\" href=\"https:\/\/www.devosautodemontage.nl\/de\/product\/20558682-peugeot-208-1-2-vti-12v-puretech-82-2013-tur-4-turig-links-hinten-9671907580\/\" \/>\n<meta property=\"og:locale\" content=\"de_DE\" \/>\n<meta property=\"og:type\" content=\"article\" \/>\n<meta property=\"og:title\" content=\"Peugeot 208 1.2 Vti 12V PureTech 82 T\u00fcr 4-t\u00fcrig links hinten 2013 9671907580 | De Vos Onderdelen\" \/>\n<meta property=\"og:description\" content=\"T\u00fcr 4-t\u00fcrig links hinten\" \/>\n<meta property=\"og:url\" content=\"https:\/\/www.devosautodemontage.nl\/de\/product\/20558682-peugeot-208-1-2-vti-12v-puretech-82-2013-tur-4-turig-links-hinten-9671907580\/\" \/>\n<meta property=\"og:site_name\" content=\"De Vos Autodemontage\" \/>\n<meta property=\"article:publisher\" content=\"https:\/\/www.facebook.com\/devosautodemontage\" \/>\n<meta property=\"article:modified_time\" content=\"2025-08-26T09:19:03+00:00\" \/>\n<meta property=\"og:image\" content=\"https:\/\/www.devosautodemontage.nl\/wp-content\/uploads\/2023\/04\/logo-1.jpg\" \/>\n\t<meta property=\"og:image:width\" content=\"663\" \/>\n\t<meta property=\"og:image:height\" content=\"278\" \/>\n\t<meta property=\"og:image:type\" content=\"image\/jpeg\" \/>\n<meta name=\"twitter:card\" content=\"summary_large_image\" \/>\n<script type=\"application\/ld+json\" class=\"yoast-schema-graph\">{\"@context\":\"https:\/\/schema.org\",\"@graph\":[{\"@type\":\"WebPage\",\"@id\":\"https:\/\/www.devosautodemontage.nl\/de\/product\/20558682-peugeot-208-1-2-vti-12v-puretech-82-2013-tur-4-turig-links-hinten-9671907580\/\",\"url\":\"https:\/\/www.devosautodemontage.nl\/de\/product\/20558682-peugeot-208-1-2-vti-12v-puretech-82-2013-tur-4-turig-links-hinten-9671907580\/\",\"name\":\"Peugeot 208 1.2 Vti 12V PureTech 82 T\u00fcr 4-t\u00fcrig links hinten 2013 9671907580 | De Vos Onderdelen\",\"isPartOf\":{\"@id\":\"https:\/\/www.devosautodemontage.nl\/de\/#website\"},\"primaryImageOfPage\":{\"@id\":\"https:\/\/www.devosautodemontage.nl\/de\/product\/20558682-peugeot-208-1-2-vti-12v-puretech-82-2013-tur-4-turig-links-hinten-9671907580\/#primaryimage\"},\"image\":{\"@id\":\"https:\/\/www.devosautodemontage.nl\/de\/product\/20558682-peugeot-208-1-2-vti-12v-puretech-82-2013-tur-4-turig-links-hinten-9671907580\/#primaryimage\"},\"thumbnailUrl\":\"https:\/\/www.devosautodemontage.nl\/wp-content\/uploads\/2024\/04\/f3d57dcd-b3b7-41ff-afa4-6656d60c68a5.jpg\",\"datePublished\":\"2024-04-25T11:55:13+00:00\",\"dateModified\":\"2025-08-26T09:19:03+00:00\",\"breadcrumb\":{\"@id\":\"https:\/\/www.devosautodemontage.nl\/de\/product\/20558682-peugeot-208-1-2-vti-12v-puretech-82-2013-tur-4-turig-links-hinten-9671907580\/#breadcrumb\"},\"inLanguage\":\"de\",\"potentialAction\":[{\"@type\":\"ReadAction\",\"target\":[\"https:\/\/www.devosautodemontage.nl\/de\/product\/20558682-peugeot-208-1-2-vti-12v-puretech-82-2013-tur-4-turig-links-hinten-9671907580\/\"]}]},{\"@type\":\"ImageObject\",\"inLanguage\":\"de\",\"@id\":\"https:\/\/www.devosautodemontage.nl\/de\/product\/20558682-peugeot-208-1-2-vti-12v-puretech-82-2013-tur-4-turig-links-hinten-9671907580\/#primaryimage\",\"url\":\"https:\/\/www.devosautodemontage.nl\/wp-content\/uploads\/2024\/04\/f3d57dcd-b3b7-41ff-afa4-6656d60c68a5.jpg\",\"contentUrl\":\"https:\/\/www.devosautodemontage.nl\/wp-content\/uploads\/2024\/04\/f3d57dcd-b3b7-41ff-afa4-6656d60c68a5.jpg\",\"width\":700,\"height\":525},{\"@type\":\"BreadcrumbList\",\"@id\":\"https:\/\/www.devosautodemontage.nl\/de\/product\/20558682-peugeot-208-1-2-vti-12v-puretech-82-2013-tur-4-turig-links-hinten-9671907580\/#breadcrumb\",\"itemListElement\":[{\"@type\":\"ListItem\",\"position\":1,\"name\":\"Teile online\",\"item\":\"https:\/\/www.devosautodemontage.nl\/de\/teile-online\/\"},{\"@type\":\"ListItem\",\"position\":2,\"name\":\"T\u00fcr 4-t\u00fcrig links hinten\"}]},{\"@type\":\"WebSite\",\"@id\":\"https:\/\/www.devosautodemontage.nl\/de\/#website\",\"url\":\"https:\/\/www.devosautodemontage.nl\/de\/\",\"name\":\"De Vos Onderdelen\",\"description\":\"Peugeot - Citro\u00ebn \u2013 DS Automobiles\",\"publisher\":{\"@id\":\"https:\/\/www.devosautodemontage.nl\/de\/#organization\"},\"potentialAction\":[{\"@type\":\"SearchAction\",\"target\":{\"@type\":\"EntryPoint\",\"urlTemplate\":\"https:\/\/www.devosautodemontage.nl\/de\/?s={search_term_string}\"},\"query-input\":{\"@type\":\"PropertyValueSpecification\",\"valueRequired\":true,\"valueName\":\"search_term_string\"}}],\"inLanguage\":\"de\"},{\"@type\":\"Organization\",\"@id\":\"https:\/\/www.devosautodemontage.nl\/de\/#organization\",\"name\":\"De Vos Onderdelen\",\"url\":\"https:\/\/www.devosautodemontage.nl\/de\/\",\"logo\":{\"@type\":\"ImageObject\",\"inLanguage\":\"de\",\"@id\":\"https:\/\/www.devosautodemontage.nl\/de\/#\/schema\/logo\/image\/\",\"url\":\"https:\/\/www.devosautodemontage.nl\/wp-content\/uploads\/2023\/04\/logo-1.jpg\",\"contentUrl\":\"https:\/\/www.devosautodemontage.nl\/wp-content\/uploads\/2023\/04\/logo-1.jpg\",\"width\":663,\"height\":278,\"caption\":\"De Vos Onderdelen\"},\"image\":{\"@id\":\"https:\/\/www.devosautodemontage.nl\/de\/#\/schema\/logo\/image\/\"},\"sameAs\":[\"https:\/\/www.facebook.com\/devosautodemontage\"]}]}<\/script>\n<!-- \/ Yoast SEO plugin. -->","yoast_head_json":{"title":"Peugeot 208 1.2 Vti 12V PureTech 82 T\u00fcr 4-t\u00fcrig links hinten 2013 9671907580 | De Vos Onderdelen","robots":{"index":"index","follow":"follow","max-snippet":"max-snippet:-1","max-image-preview":"max-image-preview:large","max-video-preview":"max-video-preview:-1"},"canonical":"https:\/\/www.devosautodemontage.nl\/de\/product\/20558682-peugeot-208-1-2-vti-12v-puretech-82-2013-tur-4-turig-links-hinten-9671907580\/","og_locale":"de_DE","og_type":"article","og_title":"Peugeot 208 1.2 Vti 12V PureTech 82 T\u00fcr 4-t\u00fcrig links hinten 2013 9671907580 | De Vos Onderdelen","og_description":"T\u00fcr 4-t\u00fcrig links hinten","og_url":"https:\/\/www.devosautodemontage.nl\/de\/product\/20558682-peugeot-208-1-2-vti-12v-puretech-82-2013-tur-4-turig-links-hinten-9671907580\/","og_site_name":"De Vos Autodemontage","article_publisher":"https:\/\/www.facebook.com\/devosautodemontage","article_modified_time":"2025-08-26T09:19:03+00:00","og_image":[{"width":663,"height":278,"url":"https:\/\/www.devosautodemontage.nl\/wp-content\/uploads\/2023\/04\/logo-1.jpg","type":"image\/jpeg"}],"twitter_card":"summary_large_image","schema":{"@context":"https:\/\/schema.org","@graph":[{"@type":"WebPage","@id":"https:\/\/www.devosautodemontage.nl\/de\/product\/20558682-peugeot-208-1-2-vti-12v-puretech-82-2013-tur-4-turig-links-hinten-9671907580\/","url":"https:\/\/www.devosautodemontage.nl\/de\/product\/20558682-peugeot-208-1-2-vti-12v-puretech-82-2013-tur-4-turig-links-hinten-9671907580\/","name":"Peugeot 208 1.2 Vti 12V PureTech 82 T\u00fcr 4-t\u00fcrig links hinten 2013 9671907580 | De Vos Onderdelen","isPartOf":{"@id":"https:\/\/www.devosautodemontage.nl\/de\/#website"},"primaryImageOfPage":{"@id":"https:\/\/www.devosautodemontage.nl\/de\/product\/20558682-peugeot-208-1-2-vti-12v-puretech-82-2013-tur-4-turig-links-hinten-9671907580\/#primaryimage"},"image":{"@id":"https:\/\/www.devosautodemontage.nl\/de\/product\/20558682-peugeot-208-1-2-vti-12v-puretech-82-2013-tur-4-turig-links-hinten-9671907580\/#primaryimage"},"thumbnailUrl":"https:\/\/www.devosautodemontage.nl\/wp-content\/uploads\/2024\/04\/f3d57dcd-b3b7-41ff-afa4-6656d60c68a5.jpg","datePublished":"2024-04-25T11:55:13+00:00","dateModified":"2025-08-26T09:19:03+00:00","breadcrumb":{"@id":"https:\/\/www.devosautodemontage.nl\/de\/product\/20558682-peugeot-208-1-2-vti-12v-puretech-82-2013-tur-4-turig-links-hinten-9671907580\/#breadcrumb"},"inLanguage":"de","potentialAction":[{"@type":"ReadAction","target":["https:\/\/www.devosautodemontage.nl\/de\/product\/20558682-peugeot-208-1-2-vti-12v-puretech-82-2013-tur-4-turig-links-hinten-9671907580\/"]}]},{"@type":"ImageObject","inLanguage":"de","@id":"https:\/\/www.devosautodemontage.nl\/de\/product\/20558682-peugeot-208-1-2-vti-12v-puretech-82-2013-tur-4-turig-links-hinten-9671907580\/#primaryimage","url":"https:\/\/www.devosautodemontage.nl\/wp-content\/uploads\/2024\/04\/f3d57dcd-b3b7-41ff-afa4-6656d60c68a5.jpg","contentUrl":"https:\/\/www.devosautodemontage.nl\/wp-content\/uploads\/2024\/04\/f3d57dcd-b3b7-41ff-afa4-6656d60c68a5.jpg","width":700,"height":525},{"@type":"BreadcrumbList","@id":"https:\/\/www.devosautodemontage.nl\/de\/product\/20558682-peugeot-208-1-2-vti-12v-puretech-82-2013-tur-4-turig-links-hinten-9671907580\/#breadcrumb","itemListElement":[{"@type":"ListItem","position":1,"name":"Teile online","item":"https:\/\/www.devosautodemontage.nl\/de\/teile-online\/"},{"@type":"ListItem","position":2,"name":"T\u00fcr 4-t\u00fcrig links hinten"}]},{"@type":"WebSite","@id":"https:\/\/www.devosautodemontage.nl\/de\/#website","url":"https:\/\/www.devosautodemontage.nl\/de\/","name":"De Vos Onderdelen","description":"Peugeot - Citro\u00ebn \u2013 DS Automobiles","publisher":{"@id":"https:\/\/www.devosautodemontage.nl\/de\/#organization"},"potentialAction":[{"@type":"SearchAction","target":{"@type":"EntryPoint","urlTemplate":"https:\/\/www.devosautodemontage.nl\/de\/?s={search_term_string}"},"query-input":{"@type":"PropertyValueSpecification","valueRequired":true,"valueName":"search_term_string"}}],"inLanguage":"de"},{"@type":"Organization","@id":"https:\/\/www.devosautodemontage.nl\/de\/#organization","name":"De Vos Onderdelen","url":"https:\/\/www.devosautodemontage.nl\/de\/","logo":{"@type":"ImageObject","inLanguage":"de","@id":"https:\/\/www.devosautodemontage.nl\/de\/#\/schema\/logo\/image\/","url":"https:\/\/www.devosautodemontage.nl\/wp-content\/uploads\/2023\/04\/logo-1.jpg","contentUrl":"https:\/\/www.devosautodemontage.nl\/wp-content\/uploads\/2023\/04\/logo-1.jpg","width":663,"height":278,"caption":"De Vos Onderdelen"},"image":{"@id":"https:\/\/www.devosautodemontage.nl\/de\/#\/schema\/logo\/image\/"},"sameAs":["https:\/\/www.facebook.com\/devosautodemontage"]}]}},"_links":{"self":[{"href":"https:\/\/www.devosautodemontage.nl\/de\/wp-json\/wp\/v2\/product\/3493707","targetHints":{"allow":["GET"]}}],"collection":[{"href":"https:\/\/www.devosautodemontage.nl\/de\/wp-json\/wp\/v2\/product"}],"about":[{"href":"https:\/\/www.devosautodemontage.nl\/de\/wp-json\/wp\/v2\/types\/product"}],"wp:featuredmedia":[{"embeddable":true,"href":"https:\/\/www.devosautodemontage.nl\/de\/wp-json\/wp\/v2\/media\/3493855"}],"wp:attachment":[{"href":"https:\/\/www.devosautodemontage.nl\/de\/wp-json\/wp\/v2\/media?parent=3493707"}],"wp:term":[{"taxonomy":"product_brand","embeddable":true,"href":"https:\/\/www.devosautodemontage.nl\/de\/wp-json\/wp\/v2\/product_brand?post=3493707"},{"taxonomy":"product_cat","embeddable":true,"href":"https:\/\/www.devosautodemontage.nl\/de\/wp-json\/wp\/v2\/product_cat?post=3493707"},{"taxonomy":"product_tag","embeddable":true,"href":"https:\/\/www.devosautodemontage.nl\/de\/wp-json\/wp\/v2\/product_tag?post=3493707"}],"curies":[{"name":"wp","href":"https:\/\/api.w.org\/{rel}","templated":true}]}}