{"id":364471,"date":"2023-02-16T13:38:04","date_gmt":"2015-11-19T16:41:06","guid":{"rendered":""},"modified":"2025-09-03T13:00:57","modified_gmt":"2025-09-03T13:00:57","slug":"5871929-citroen-c4-picasso-2013-kuhlgeblasegehause-1253k4-7104ey","status":"publish","type":"product","link":"https:\/\/www.devosautodemontage.nl\/de\/teile-online\/citroen\/c4-picasso\/5871929-kuhlgeblasegehause\/","title":{"rendered":"Citroen C4 Picasso  K\u00fchlgebl\u00e4segeh\u00e4use 2013 1253K4-7104EY"},"content":{"rendered":"<p>K\u00fchlgebl\u00e4segeh\u00e4use<\/p>\n","protected":false},"excerpt":{"rendered":"K\u00fchlgebl\u00e4segeh\u00e4use","protected":false},"featured_media":1036461,"template":"","meta":{"_acf_changed":false,"inline_featured_image":false},"product_brand":[],"product_cat":[243,257],"product_tag":[],"class_list":{"0":"post-364471","1":"product","2":"type-product","3":"status-publish","4":"has-post-thumbnail","6":"product_cat-citroen","7":"product_cat-c4-picasso","9":"first","10":"instock","11":"taxable","12":"shipping-taxable","13":"product-type-simple"},"acf":[],"yoast_head":"<!-- This site is optimized with the Yoast SEO plugin v25.4 - https:\/\/yoast.com\/wordpress\/plugins\/seo\/ -->\n<title>Citroen C4 Picasso K\u00fchlgebl\u00e4segeh\u00e4use 2013 1253K4-7104EY | De Vos Onderdelen<\/title>\n<meta name=\"robots\" content=\"index, follow, max-snippet:-1, max-image-preview:large, max-video-preview:-1\" \/>\n<link rel=\"canonical\" href=\"https:\/\/www.devosautodemontage.nl\/de\/teile-online\/citroen\/c4-picasso\/5871929-kuhlgeblasegehause\/\" \/>\n<meta property=\"og:locale\" content=\"de_DE\" \/>\n<meta property=\"og:type\" content=\"article\" \/>\n<meta property=\"og:title\" content=\"Citroen C4 Picasso K\u00fchlgebl\u00e4segeh\u00e4use 2013 1253K4-7104EY | De Vos Onderdelen\" \/>\n<meta property=\"og:description\" content=\"K\u00fchlgebl\u00e4segeh\u00e4use\" \/>\n<meta property=\"og:url\" content=\"https:\/\/www.devosautodemontage.nl\/de\/teile-online\/citroen\/c4-picasso\/5871929-kuhlgeblasegehause\/\" \/>\n<meta property=\"og:site_name\" content=\"De Vos Autodemontage\" \/>\n<meta property=\"article:publisher\" content=\"https:\/\/www.facebook.com\/devosautodemontage\" \/>\n<meta property=\"article:modified_time\" content=\"2025-09-03T13:00:57+00:00\" \/>\n<meta property=\"og:image\" content=\"https:\/\/www.devosautodemontage.nl\/wp-content\/uploads\/2023\/02\/8a514d8b-56b3-4e8a-8318-03c75fb0e19e-2.jpg\" \/>\n\t<meta property=\"og:image:width\" content=\"700\" \/>\n\t<meta property=\"og:image:height\" content=\"525\" \/>\n\t<meta property=\"og:image:type\" content=\"image\/jpeg\" \/>\n<meta name=\"twitter:card\" content=\"summary_large_image\" \/>\n<script type=\"application\/ld+json\" class=\"yoast-schema-graph\">{\"@context\":\"https:\/\/schema.org\",\"@graph\":[{\"@type\":\"WebPage\",\"@id\":\"https:\/\/www.devosautodemontage.nl\/de\/teile-online\/citroen\/c4-picasso\/5871929-kuhlgeblasegehause\/\",\"url\":\"https:\/\/www.devosautodemontage.nl\/de\/teile-online\/citroen\/c4-picasso\/5871929-kuhlgeblasegehause\/\",\"name\":\"Citroen C4 Picasso K\u00fchlgebl\u00e4segeh\u00e4use 2013 1253K4-7104EY | De Vos Onderdelen\",\"isPartOf\":{\"@id\":\"https:\/\/www.devosautodemontage.nl\/de\/#website\"},\"primaryImageOfPage\":{\"@id\":\"https:\/\/www.devosautodemontage.nl\/de\/teile-online\/citroen\/c4-picasso\/5871929-kuhlgeblasegehause\/#primaryimage\"},\"image\":{\"@id\":\"https:\/\/www.devosautodemontage.nl\/de\/teile-online\/citroen\/c4-picasso\/5871929-kuhlgeblasegehause\/#primaryimage\"},\"thumbnailUrl\":\"https:\/\/www.devosautodemontage.nl\/wp-content\/uploads\/2023\/11\/8a514d8b-56b3-4e8a-8318-03c75fb0e19e.jpg\",\"datePublished\":\"2015-11-19T16:41:06+00:00\",\"dateModified\":\"2025-09-03T13:00:57+00:00\",\"breadcrumb\":{\"@id\":\"https:\/\/www.devosautodemontage.nl\/de\/teile-online\/citroen\/c4-picasso\/5871929-kuhlgeblasegehause\/#breadcrumb\"},\"inLanguage\":\"de\",\"potentialAction\":[{\"@type\":\"ReadAction\",\"target\":[\"https:\/\/www.devosautodemontage.nl\/de\/teile-online\/citroen\/c4-picasso\/5871929-kuhlgeblasegehause\/\"]}]},{\"@type\":\"ImageObject\",\"inLanguage\":\"de\",\"@id\":\"https:\/\/www.devosautodemontage.nl\/de\/teile-online\/citroen\/c4-picasso\/5871929-kuhlgeblasegehause\/#primaryimage\",\"url\":\"https:\/\/www.devosautodemontage.nl\/wp-content\/uploads\/2023\/11\/8a514d8b-56b3-4e8a-8318-03c75fb0e19e.jpg\",\"contentUrl\":\"https:\/\/www.devosautodemontage.nl\/wp-content\/uploads\/2023\/11\/8a514d8b-56b3-4e8a-8318-03c75fb0e19e.jpg\",\"width\":700,\"height\":525},{\"@type\":\"BreadcrumbList\",\"@id\":\"https:\/\/www.devosautodemontage.nl\/de\/teile-online\/citroen\/c4-picasso\/5871929-kuhlgeblasegehause\/#breadcrumb\",\"itemListElement\":[{\"@type\":\"ListItem\",\"position\":1,\"name\":\"Teile online\",\"item\":\"https:\/\/www.devosautodemontage.nl\/de\/teile-online\/\"},{\"@type\":\"ListItem\",\"position\":2,\"name\":\"K\u00fchlgebl\u00e4segeh\u00e4use\"}]},{\"@type\":\"WebSite\",\"@id\":\"https:\/\/www.devosautodemontage.nl\/de\/#website\",\"url\":\"https:\/\/www.devosautodemontage.nl\/de\/\",\"name\":\"De Vos Onderdelen\",\"description\":\"Peugeot - Citro\u00ebn \u2013 DS Automobiles\",\"publisher\":{\"@id\":\"https:\/\/www.devosautodemontage.nl\/de\/#organization\"},\"potentialAction\":[{\"@type\":\"SearchAction\",\"target\":{\"@type\":\"EntryPoint\",\"urlTemplate\":\"https:\/\/www.devosautodemontage.nl\/de\/?s={search_term_string}\"},\"query-input\":{\"@type\":\"PropertyValueSpecification\",\"valueRequired\":true,\"valueName\":\"search_term_string\"}}],\"inLanguage\":\"de\"},{\"@type\":\"Organization\",\"@id\":\"https:\/\/www.devosautodemontage.nl\/de\/#organization\",\"name\":\"De Vos Onderdelen\",\"url\":\"https:\/\/www.devosautodemontage.nl\/de\/\",\"logo\":{\"@type\":\"ImageObject\",\"inLanguage\":\"de\",\"@id\":\"https:\/\/www.devosautodemontage.nl\/de\/#\/schema\/logo\/image\/\",\"url\":\"https:\/\/www.devosautodemontage.nl\/wp-content\/uploads\/2023\/04\/logo-1.jpg\",\"contentUrl\":\"https:\/\/www.devosautodemontage.nl\/wp-content\/uploads\/2023\/04\/logo-1.jpg\",\"width\":663,\"height\":278,\"caption\":\"De Vos Onderdelen\"},\"image\":{\"@id\":\"https:\/\/www.devosautodemontage.nl\/de\/#\/schema\/logo\/image\/\"},\"sameAs\":[\"https:\/\/www.facebook.com\/devosautodemontage\"]}]}<\/script>\n<!-- \/ Yoast SEO plugin. -->","yoast_head_json":{"title":"Citroen C4 Picasso K\u00fchlgebl\u00e4segeh\u00e4use 2013 1253K4-7104EY | De Vos Onderdelen","robots":{"index":"index","follow":"follow","max-snippet":"max-snippet:-1","max-image-preview":"max-image-preview:large","max-video-preview":"max-video-preview:-1"},"canonical":"https:\/\/www.devosautodemontage.nl\/de\/teile-online\/citroen\/c4-picasso\/5871929-kuhlgeblasegehause\/","og_locale":"de_DE","og_type":"article","og_title":"Citroen C4 Picasso K\u00fchlgebl\u00e4segeh\u00e4use 2013 1253K4-7104EY | De Vos Onderdelen","og_description":"K\u00fchlgebl\u00e4segeh\u00e4use","og_url":"https:\/\/www.devosautodemontage.nl\/de\/teile-online\/citroen\/c4-picasso\/5871929-kuhlgeblasegehause\/","og_site_name":"De Vos Autodemontage","article_publisher":"https:\/\/www.facebook.com\/devosautodemontage","article_modified_time":"2025-09-03T13:00:57+00:00","og_image":[{"width":700,"height":525,"url":"https:\/\/www.devosautodemontage.nl\/wp-content\/uploads\/2023\/02\/8a514d8b-56b3-4e8a-8318-03c75fb0e19e-2.jpg","type":"image\/jpeg"}],"twitter_card":"summary_large_image","schema":{"@context":"https:\/\/schema.org","@graph":[{"@type":"WebPage","@id":"https:\/\/www.devosautodemontage.nl\/de\/teile-online\/citroen\/c4-picasso\/5871929-kuhlgeblasegehause\/","url":"https:\/\/www.devosautodemontage.nl\/de\/teile-online\/citroen\/c4-picasso\/5871929-kuhlgeblasegehause\/","name":"Citroen C4 Picasso K\u00fchlgebl\u00e4segeh\u00e4use 2013 1253K4-7104EY | De Vos Onderdelen","isPartOf":{"@id":"https:\/\/www.devosautodemontage.nl\/de\/#website"},"primaryImageOfPage":{"@id":"https:\/\/www.devosautodemontage.nl\/de\/teile-online\/citroen\/c4-picasso\/5871929-kuhlgeblasegehause\/#primaryimage"},"image":{"@id":"https:\/\/www.devosautodemontage.nl\/de\/teile-online\/citroen\/c4-picasso\/5871929-kuhlgeblasegehause\/#primaryimage"},"thumbnailUrl":"https:\/\/www.devosautodemontage.nl\/wp-content\/uploads\/2023\/11\/8a514d8b-56b3-4e8a-8318-03c75fb0e19e.jpg","datePublished":"2015-11-19T16:41:06+00:00","dateModified":"2025-09-03T13:00:57+00:00","breadcrumb":{"@id":"https:\/\/www.devosautodemontage.nl\/de\/teile-online\/citroen\/c4-picasso\/5871929-kuhlgeblasegehause\/#breadcrumb"},"inLanguage":"de","potentialAction":[{"@type":"ReadAction","target":["https:\/\/www.devosautodemontage.nl\/de\/teile-online\/citroen\/c4-picasso\/5871929-kuhlgeblasegehause\/"]}]},{"@type":"ImageObject","inLanguage":"de","@id":"https:\/\/www.devosautodemontage.nl\/de\/teile-online\/citroen\/c4-picasso\/5871929-kuhlgeblasegehause\/#primaryimage","url":"https:\/\/www.devosautodemontage.nl\/wp-content\/uploads\/2023\/11\/8a514d8b-56b3-4e8a-8318-03c75fb0e19e.jpg","contentUrl":"https:\/\/www.devosautodemontage.nl\/wp-content\/uploads\/2023\/11\/8a514d8b-56b3-4e8a-8318-03c75fb0e19e.jpg","width":700,"height":525},{"@type":"BreadcrumbList","@id":"https:\/\/www.devosautodemontage.nl\/de\/teile-online\/citroen\/c4-picasso\/5871929-kuhlgeblasegehause\/#breadcrumb","itemListElement":[{"@type":"ListItem","position":1,"name":"Teile online","item":"https:\/\/www.devosautodemontage.nl\/de\/teile-online\/"},{"@type":"ListItem","position":2,"name":"K\u00fchlgebl\u00e4segeh\u00e4use"}]},{"@type":"WebSite","@id":"https:\/\/www.devosautodemontage.nl\/de\/#website","url":"https:\/\/www.devosautodemontage.nl\/de\/","name":"De Vos Onderdelen","description":"Peugeot - Citro\u00ebn \u2013 DS Automobiles","publisher":{"@id":"https:\/\/www.devosautodemontage.nl\/de\/#organization"},"potentialAction":[{"@type":"SearchAction","target":{"@type":"EntryPoint","urlTemplate":"https:\/\/www.devosautodemontage.nl\/de\/?s={search_term_string}"},"query-input":{"@type":"PropertyValueSpecification","valueRequired":true,"valueName":"search_term_string"}}],"inLanguage":"de"},{"@type":"Organization","@id":"https:\/\/www.devosautodemontage.nl\/de\/#organization","name":"De Vos Onderdelen","url":"https:\/\/www.devosautodemontage.nl\/de\/","logo":{"@type":"ImageObject","inLanguage":"de","@id":"https:\/\/www.devosautodemontage.nl\/de\/#\/schema\/logo\/image\/","url":"https:\/\/www.devosautodemontage.nl\/wp-content\/uploads\/2023\/04\/logo-1.jpg","contentUrl":"https:\/\/www.devosautodemontage.nl\/wp-content\/uploads\/2023\/04\/logo-1.jpg","width":663,"height":278,"caption":"De Vos Onderdelen"},"image":{"@id":"https:\/\/www.devosautodemontage.nl\/de\/#\/schema\/logo\/image\/"},"sameAs":["https:\/\/www.facebook.com\/devosautodemontage"]}]}},"_links":{"self":[{"href":"https:\/\/www.devosautodemontage.nl\/de\/wp-json\/wp\/v2\/product\/364471","targetHints":{"allow":["GET"]}}],"collection":[{"href":"https:\/\/www.devosautodemontage.nl\/de\/wp-json\/wp\/v2\/product"}],"about":[{"href":"https:\/\/www.devosautodemontage.nl\/de\/wp-json\/wp\/v2\/types\/product"}],"wp:featuredmedia":[{"embeddable":true,"href":"https:\/\/www.devosautodemontage.nl\/de\/wp-json\/wp\/v2\/media\/1036461"}],"wp:attachment":[{"href":"https:\/\/www.devosautodemontage.nl\/de\/wp-json\/wp\/v2\/media?parent=364471"}],"wp:term":[{"taxonomy":"product_brand","embeddable":true,"href":"https:\/\/www.devosautodemontage.nl\/de\/wp-json\/wp\/v2\/product_brand?post=364471"},{"taxonomy":"product_cat","embeddable":true,"href":"https:\/\/www.devosautodemontage.nl\/de\/wp-json\/wp\/v2\/product_cat?post=364471"},{"taxonomy":"product_tag","embeddable":true,"href":"https:\/\/www.devosautodemontage.nl\/de\/wp-json\/wp\/v2\/product_tag?post=364471"}],"curies":[{"name":"wp","href":"https:\/\/api.w.org\/{rel}","templated":true}]}}